{"id":3,"date":"2024-09-30T20:23:14","date_gmt":"2024-09-30T18:23:14","guid":{"rendered":"https:\/\/ecoturismo.tenorioruralbootcamp.com\/?page_id=3"},"modified":"2024-11-25T11:39:45","modified_gmt":"2024-11-25T10:39:45","slug":"politica-privacidade","status":"publish","type":"page","link":"https:\/\/ecoturismo.tenorioruralbootcamp.com\/gl\/politica-privacidade\/","title":{"rendered":"Pol\u00edtica de privacidade"},"content":{"rendered":"<h2 class=\"wp-block-heading\">Quen somos<\/h2>\n\n\n<p><strong class=\"privacy-policy-tutorial\">Texto suxerido: <\/strong>A direcci\u00f3n da nosa p\u00e1xina web \u00e9: https:\/\/ecoturismo.tenorioruralbootcamp.com.<\/p>\n\n\n<h2 class=\"wp-block-heading\">Comentarios<\/h2>\n\n\n<p><strong class=\"privacy-policy-tutorial\">Texto suxerido: <\/strong>Cando os visitantes deixan comentarios na web, recompilamos os datos que se mostran no formulario de comentarios, as\u00ed como a direcci\u00f3n IP do visitante e a cadea de axentes de usuario do navegador para axudar \u00e1 detecci\u00f3n de  spam.<\/p>\n\n\n<p>Unha cadea an\u00f3nima creada a partir da t\u00faa direcci\u00f3n de correo electr\u00f3nico (tam\u00e9n chamada  hash) pode ser proporcionada ao servizo de  Gravatar para ver se a est\u00e1s usando. A pol\u00edtica de privacidade do servizo  Gravatar est\u00e1 dispo\u00f1ible aqu\u00ed:  https:\/\/automattic.com\/privacy\/. Despois da aprobaci\u00f3n do teu comentario, a imaxe do teu perfil \u00e9 visible para o p\u00fablico no contexto do seu comentario.\t<\/p>\n\n\n<h2 class=\"wp-block-heading\">Multimedia<\/h2>\n\n\n<p><strong class=\"privacy-policy-tutorial\">Texto suxerido: <\/strong>Se es un usuario rexistrado e carga imaxes \u00e1 web, debes evitar cargar imaxes con datos de localizaci\u00f3n  GPS  EXIF inclu\u00eddos. Os visitantes da web poden descargar e extraer calquera dato de localizaci\u00f3n das imaxes da web.<\/p>\n\n\n<h2 class=\"wp-block-heading\">Cookies<\/h2>\n\n\n<p><strong class=\"privacy-policy-tutorial\">Texto suxerido: <\/strong>Se deixas un comentario no noso sitio podes elixir gardar o teu nome, direcci\u00f3n de correo electr\u00f3nico e web en  cookies. Isto \u00e9 para a t\u00faa comodidade, para que non te\u00f1as que volver encher os teus datos cando deixes outro comentario. Estas  cookies ter\u00e1n unha duraci\u00f3n dun ano.<\/p>\n\n\n<p>Se tes unha conta e con\u00e9ctaste a este sitio, instalaremos unha  cookie temporal para determinar se o teu navegador acepta  cookies. Esta  cookie non cont\u00e9n datos persoais e elim\u00ednase ao pechar o navegador.<\/p>\n\n\n<p>Cando inicias sesi\u00f3n, tam\u00e9n instalaremos varias  cookies para gardar a t\u00faa informaci\u00f3n de inicio de sesi\u00f3n e as t\u00faas opci\u00f3ns de visualizaci\u00f3n de pantalla. As  cookies de inicio de sesi\u00f3n duran dous d\u00edas, e as  cookies de opci\u00f3ns de pantalla duran un ano. Se seleccionas &quot;Lembrarme&quot;, o teu inicio de sesi\u00f3n perdurar\u00e1 durante d\u00faas semanas. Se saes da t\u00faa conta, as  cookies de inicio de sesi\u00f3n eliminaranse.<\/p>\n\n\n<p>Se editas ou publicas un artigo, gardarase unha  cookie adicional no teu navegador. Esta  cookie non incl\u00fae datos persoais e simplemente indica o ID do artigo que acabas de editar. Expira despois de 1 d\u00eda.<\/p>\n\n\n<h2 class=\"wp-block-heading\">Contido incrustado doutros sitios web<\/h2>\n\n\n<p><strong class=\"privacy-policy-tutorial\">Texto suxerido: <\/strong>Os artigos deste sitio poden inclu\u00edr contido incrustado (por exemplo, v\u00eddeos, imaxes, artigos, etc.). O contido incrustado doutras web comp\u00f3rtase exactamente da mesma maneira que se o visitante visitase a outra web.<\/p>\n\n\n<p>Estas web poden recompilar datos sobre ti, utilizar  cookies, incrustar un seguimento adicional de terceiros, e supervisar a t\u00faa interacci\u00f3n con ese contido incrustado, inclu\u00eddo o seguimento da s\u00faa interacci\u00f3n co contido incrustado se tes unha conta e est\u00e1s conectado a esa web.\t <\/p>\n\n\n<h2 class=\"wp-block-heading\">Con quen compartimos os teus datos<\/h2>\n\n\n<p><strong class=\"privacy-policy-tutorial\">Texto suxerido: <\/strong>Se solicita un restablecemento de contrasinal, a s\u00faa direcci\u00f3n IP incluirase no correo electr\u00f3nico de restablecemento.<\/p>\n\n\n<h2 class=\"wp-block-heading\">Canto tempo conservamos os teus datos<\/h2>\n\n\n<p><strong class=\"privacy-policy-tutorial\">Texto suxerido: <\/strong>Se deixas un comentario, o comentario e os seus metadatos cons\u00e9rvanse indefinidamente. Isto \u00e9 para que podamos reco\u00f1ecer e aprobar comentarios sucesivos automaticamente en lugar de mantelos nunha cola de moderaci\u00f3n<\/p>\n\n\n<p>Dos usuarios que se rexistran na nosa web (se os hai), tam\u00e9n almacenamos a informaci\u00f3n persoal que proporcionan no seu perfil de usuario. Todos os usuarios poden ver, editar ou eliminar a s\u00faa informaci\u00f3n persoal en calquera momento (ag\u00e1s que non poden cambiar o seu nome de usuario). Os administradores da web tam\u00e9n poden ver e editar esa informaci\u00f3n.\t<\/p>\n\n\n<h2 class=\"wp-block-heading\">Que dereitos tes sobre os teus datos<\/h2>\n\n\n<p><strong class=\"privacy-policy-tutorial\">Texto suxerido: <\/strong>Se tes unha conta ou deixaches comentarios nesta web, podes solicitar recibir un arquivo de exportaci\u00f3n dos datos persoais que temos sobre ti, inclu\u00edndo calquera dato que nos proporcionaras. Tam\u00e9n podes solicitar que eliminemos calquera dato persoal que te\u00f1amos sobre ti. Isto non incl\u00fae ning\u00fan dato que esteamos obrigados a conservar con fins administrativos, legais ou de seguridade.<\/p>\n\n\n<h2 class=\"wp-block-heading\">Onde se env\u00edan os teus datos<\/h2>\n\n\n<p><strong class=\"privacy-policy-tutorial\">Texto suxerido: <\/strong>Os comentarios dos visitantes poida que os revise un servizo de detecci\u00f3n autom\u00e1tica de  spam.<\/p>","protected":false},"excerpt":{"rendered":"<p>Quen somos Texto suxerido: A direcci\u00f3n da nosa p\u00e1xina web \u00e9: https:\/\/ecoturismo.tenorioruralbootcamp.com. Comentarios Texto suxerido: Cando os visitantes deixan comentarios [&hellip;]<\/p>\n","protected":false},"author":1,"featured_media":0,"parent":0,"menu_order":0,"comment_status":"closed","ping_status":"open","template":"","meta":{"ub_ctt_via":"","_uag_custom_page_level_css":"","site-sidebar-layout":"default","site-content-layout":"","ast-site-content-layout":"default","site-content-style":"default","site-sidebar-style":"default","ast-global-header-display":"","ast-banner-title-visibility":"","ast-main-header-display":"","ast-hfb-above-header-display":"","ast-hfb-below-header-display":"","ast-hfb-mobile-header-display":"","site-post-title":"","ast-breadcrumbs-content":"","ast-featured-img":"","footer-sml-layout":"","theme-transparent-header-meta":"","adv-header-id-meta":"","stick-header-meta":"","header-above-stick-meta":"","header-main-stick-meta":"","header-below-stick-meta":"","astra-migrate-meta-layouts":"default","ast-page-background-enabled":"default","ast-page-background-meta":{"desktop":{"background-color":"var(--ast-global-color-4)","background-image":"","background-repeat":"repeat","background-position":"center center","background-size":"auto","background-attachment":"scroll","background-type":"","background-media":"","overlay-type":"","overlay-color":"","overlay-opacity":"","overlay-gradient":""},"tablet":{"background-color":"","background-image":"","background-repeat":"repeat","background-position":"center center","background-size":"auto","background-attachment":"scroll","background-type":"","background-media":"","overlay-type":"","overlay-color":"","overlay-opacity":"","overlay-gradient":""},"mobile":{"background-color":"","background-image":"","background-repeat":"repeat","background-position":"center center","background-size":"auto","background-attachment":"scroll","background-type":"","background-media":"","overlay-type":"","overlay-color":"","overlay-opacity":"","overlay-gradient":""}},"ast-content-background-meta":{"desktop":{"background-color":"var(--ast-global-color-5)","background-image":"","background-repeat":"repeat","background-position":"center center","background-size":"auto","background-attachment":"scroll","background-type":"","background-media":"","overlay-type":"","overlay-color":"","overlay-opacity":"","overlay-gradient":""},"tablet":{"background-color":"var(--ast-global-color-5)","background-image":"","background-repeat":"repeat","background-position":"center center","background-size":"auto","background-attachment":"scroll","background-type":"","background-media":"","overlay-type":"","overlay-color":"","overlay-opacity":"","overlay-gradient":""},"mobile":{"background-color":"var(--ast-global-color-5)","background-image":"","background-repeat":"repeat","background-position":"center center","background-size":"auto","background-attachment":"scroll","background-type":"","background-media":"","overlay-type":"","overlay-color":"","overlay-opacity":"","overlay-gradient":""}},"footnotes":""},"class_list":["post-3","page","type-page","status-publish","hentry"],"featured_image_src":null,"uagb_featured_image_src":{"full":false,"thumbnail":false,"medium":false,"medium_large":false,"large":false,"1536x1536":false,"2048x2048":false},"uagb_author_info":{"display_name":"Ecoturismo TRB","author_link":"https:\/\/ecoturismo.tenorioruralbootcamp.com\/gl\/author\/pontevedraandada\/"},"uagb_comment_info":0,"uagb_excerpt":"Quen somos Texto suxerido: A direcci\u00f3n da nosa p\u00e1xina web \u00e9: https:\/\/ecoturismo.tenorioruralbootcamp.com. Comentarios Texto suxerido: Cando os visitantes deixan comentarios [&hellip;]","jetpack_likes_enabled":true,"jetpack_shortlink":"https:\/\/wp.me\/Pg4HZc-3","jetpack_sharing_enabled":true,"_links":{"self":[{"href":"https:\/\/ecoturismo.tenorioruralbootcamp.com\/gl\/wp-json\/wp\/v2\/pages\/3","targetHints":{"allow":["GET"]}}],"collection":[{"href":"https:\/\/ecoturismo.tenorioruralbootcamp.com\/gl\/wp-json\/wp\/v2\/pages"}],"about":[{"href":"https:\/\/ecoturismo.tenorioruralbootcamp.com\/gl\/wp-json\/wp\/v2\/types\/page"}],"author":[{"embeddable":true,"href":"https:\/\/ecoturismo.tenorioruralbootcamp.com\/gl\/wp-json\/wp\/v2\/users\/1"}],"replies":[{"embeddable":true,"href":"https:\/\/ecoturismo.tenorioruralbootcamp.com\/gl\/wp-json\/wp\/v2\/comments?post=3"}],"version-history":[{"count":1,"href":"https:\/\/ecoturismo.tenorioruralbootcamp.com\/gl\/wp-json\/wp\/v2\/pages\/3\/revisions"}],"predecessor-version":[{"id":2316,"href":"https:\/\/ecoturismo.tenorioruralbootcamp.com\/gl\/wp-json\/wp\/v2\/pages\/3\/revisions\/2316"}],"wp:attachment":[{"href":"https:\/\/ecoturismo.tenorioruralbootcamp.com\/gl\/wp-json\/wp\/v2\/media?parent=3"}],"curies":[{"name":"wp","href":"https:\/\/api.w.org\/{rel}","templated":true}]}}